{"id":2,"date":"2015-10-18T13:42:58","date_gmt":"2015-10-18T12:42:58","guid":{"rendered":"http:\/\/tousenchoeur.fr\/?page_id=2"},"modified":"2026-03-27T15:29:54","modified_gmt":"2026-03-27T14:29:54","slug":"page-d-exemple","status":"publish","type":"page","link":"https:\/\/tousenchoeur.fr\/","title":{"rendered":"Accueil"},"content":{"rendered":"<p style=\"text-align: center;\">&nbsp;<\/p>\nngg_shortcode_0_placeholder\n<h3 style=\"text-align: center;\"><span style=\"font-family: arial, helvetica, sans-serif;\">Bienvenue sur le site de la Chorale<\/span><\/h3>\n<blockquote>\n<h3 style=\"text-align: center;\"><span style=\"font-family: arial, helvetica, sans-serif;\"><strong><span style=\"color: #00ffff;\">To<\/span><span style=\"color: #00ccff;\">us<\/span> <span style=\"color: #99cc00;\">E<\/span><span style=\"color: #ffcc00;\">n<\/span> <span style=\"color: #ff0000;\">Ch<\/span><span style=\"color: #ff6600;\">\u0153<\/span><span style=\"color: #ff00ff;\">ur<\/span><\/strong><\/span><\/h3>\n<p style=\"text-align: center;\"><span style=\"color: #000000; font-family: arial, helvetica, sans-serif;\">vous pouvez aussi nous retrouver sur <strong><a style=\"color: #000000;\" href=\"https:\/\/www.facebook.com\/tousenchoeur.fr\/\">notre page <em>facebook<\/em><\/a><\/strong><\/span><\/p>\n<p style=\"text-align: center;\"><span style=\"color: #000000; font-family: arial, helvetica, sans-serif;\"><strong>Nous vous souhaitons \u00e0 toutes et tous <\/strong><\/span><\/p>\n<p style=\"text-align: center;\"><span style=\"font-family: arial, helvetica, sans-serif;\"><span style=\"color: #000000;\"><strong><span style=\"font-size: 14pt;\">une&nbsp;<\/span><\/strong><\/span><span style=\"color: #000000;\"><strong><span style=\"font-size: 18pt;\"><span style=\"font-size: 14pt;\">excellente <\/span><\/span><\/strong><\/span><span style=\"color: #000000;\"><strong><span style=\"font-size: 14pt;\">a<\/span><span style=\"font-size: 18pt;\"><span style=\"font-size: 14pt;\">nn\u00e9e 2026 <\/span><\/span><span style=\"font-size: 14pt;\">!<\/span><\/strong><\/span><\/span><\/p>\n<\/blockquote>\n<pre style=\"text-align: center;\"><span style=\"font-size: 14pt; color: #000000; font-family: arial, helvetica, sans-serif;\"><span style=\"font-size: 12pt;\">nouvelles ou nouveaux <\/span><span style=\"font-size: 12pt;\">choristes <\/span><\/span><\/pre>\n<p style=\"text-align: center;\"><span style=\"font-family: arial, helvetica, sans-serif;\"><strong><span style=\"font-size: 12pt;\">retrouvez ici<\/span><span style=\"font-size: 12pt;\"> le<\/span>&nbsp;<a href=\"http:\/\/tousenchoeur.fr\/wp-content\/uploads\/2026\/03\/bulletin_adhesion_modele2026w.pdf\"><em>bulletin d&rsquo;inscription 2026<\/em><\/a><\/strong><\/span><\/p>\n<p style=\"text-align: center;\"><span style=\"font-family: arial, helvetica, sans-serif;\"><strong>Nous r\u00e9p\u00e9tons le lundi de 19h15&nbsp; \u00e0 21h<\/strong><\/span><\/p>\n<p style=\"text-align: center;\"><span style=\"font-family: arial, helvetica, sans-serif;\"><strong>\u00e0 la salle \u00ab\u00a0la Licorne\u00a0\u00bb \u00e0 St \u00c9tienne de St Geoirs<\/strong><\/span><\/p>\n<p style=\"text-align: center;\"><span style=\"font-family: arial, helvetica, sans-serif;\"><span style=\"font-size: 18pt;\"><strong>Rejoignez-nous!<\/strong><\/span><\/span><\/p>\n<p style=\"text-align: center;\"><span style=\"font-size: 14pt; color: #000000;\"><strong>nos amis<\/strong><\/span><\/p>\n<ul class=\"kiwi-logo-carousel kiwi-logo-carousel-default default align-center col4\"><li style=\"height:75px;\" ><div class=\"helper\" style=\"height:75px; width:100px;\" ><img decoding=\"async\" src=\"https:\/\/tousenchoeur.fr\/wp-content\/uploads\/2016\/11\/chantrives-logo.png\" alt=\"Chant'Rives\" title=\"Chant'Rives\" style=\"max-width:100px; padding-left: 3px; padding-right:3px\" ><\/div><\/li><li style=\"height:75px;\" ><div class=\"helper\" style=\"height:75px; width:100px;\" ><img decoding=\"async\" src=\"https:\/\/tousenchoeur.fr\/wp-content\/uploads\/2026\/03\/LOGO-Chorale-La-Mirandole-Vizille.png\" alt=\"La Mirandole\" title=\"La Mirandole\" style=\"max-width:100px; padding-left: 3px; padding-right:3px\" ><\/div><\/li><li style=\"height:75px;\" ><div class=\"helper\" style=\"height:75px; width:100px;\" ><img decoding=\"async\" src=\"https:\/\/tousenchoeur.fr\/wp-content\/uploads\/2019\/10\/Logo_SiOnChantait.png\" alt=\"Si on chantait\" title=\"Si on chantait\" style=\"max-width:100px; padding-left: 3px; padding-right:3px\" ><\/div><\/li><li style=\"height:75px;\" ><div class=\"helper\" style=\"height:75px; width:100px;\" ><img decoding=\"async\" src=\"https:\/\/tousenchoeur.fr\/wp-content\/uploads\/2017\/02\/Logo_EnsembleVocalValloire.png\" alt=\"Ensemble vocal de la Valloire\" title=\"Ensemble vocal de la Valloire\" style=\"max-width:100px; padding-left: 3px; padding-right:3px\" ><\/div><\/li><li style=\"height:75px;\" ><div class=\"helper\" style=\"height:75px; width:100px;\" ><img decoding=\"async\" src=\"https:\/\/tousenchoeur.fr\/wp-content\/uploads\/2015\/10\/CHANT-OISANS-Logo-.jpg\" alt=\"Chant'Oisans\" title=\"Chant'Oisans\" style=\"max-width:100px; padding-left: 3px; padding-right:3px\" ><\/div><\/li><li style=\"height:75px;\" ><div class=\"helper\" style=\"height:75px; width:100px;\" ><img decoding=\"async\" src=\"https:\/\/tousenchoeur.fr\/wp-content\/uploads\/2026\/03\/LOGO-Chorale-Les-Vocalises-Sing-For-You-Varacieux.jpg\" alt=\"Les Vocalises - Sing for You\" title=\"Les Vocalises - Sing for You\" style=\"max-width:100px; padding-left: 3px; padding-right:3px\" ><\/div><\/li><li style=\"height:75px;\" ><div class=\"helper\" style=\"height:75px; width:100px;\" ><img decoding=\"async\" src=\"https:\/\/tousenchoeur.fr\/wp-content\/uploads\/2024\/01\/logo-vocal-girls-ok.jpg\" alt=\"VocalGirls\" title=\"VocalGirls\" style=\"max-width:100px; padding-left: 3px; padding-right:3px\" ><\/div><\/li><li style=\"height:75px;\" ><div class=\"helper\" style=\"height:75px; width:100px;\" ><img decoding=\"async\" src=\"https:\/\/tousenchoeur.fr\/wp-content\/uploads\/2016\/07\/Tivolair-2.jpg\" alt=\"Tivol'air\" title=\"Tivol'air\" style=\"max-width:100px; padding-left: 3px; padding-right:3px\" ><\/div><\/li><li style=\"height:75px;\" ><div class=\"helper\" style=\"height:75px; width:100px;\" ><img decoding=\"async\" src=\"https:\/\/tousenchoeur.fr\/wp-content\/uploads\/2026\/03\/LOGO-Chorale-College-Liers-et-Lemps.jpg\" alt=\"Coll\u00e8ge Liers & Lemps\" title=\"Coll\u00e8ge Liers & Lemps\" style=\"max-width:100px; padding-left: 3px; padding-right:3px\" ><\/div><\/li><li style=\"height:75px;\" ><div class=\"helper\" style=\"height:75px; width:100px;\" ><img decoding=\"async\" src=\"https:\/\/tousenchoeur.fr\/wp-content\/uploads\/2016\/07\/cantil\u00e8ne.png\" alt=\"Cantil\u00e8ne\" title=\"Cantil\u00e8ne\" style=\"max-width:100px; padding-left: 3px; padding-right:3px\" ><\/div><\/li><li style=\"height:75px;\" ><div class=\"helper\" style=\"height:75px; width:100px;\" ><img decoding=\"async\" src=\"https:\/\/tousenchoeur.fr\/wp-content\/uploads\/2018\/01\/logo_FaPerch\u00e9.jpg\" alt=\"le Fa Perch\u00e9\" title=\"le Fa Perch\u00e9\" style=\"max-width:100px; padding-left: 3px; padding-right:3px\" ><\/div><\/li><li style=\"height:75px;\" ><div class=\"helper\" style=\"height:75px; width:100px;\" ><img decoding=\"async\" src=\"https:\/\/tousenchoeur.fr\/wp-content\/uploads\/2025\/12\/logo-CCNEF-Voiron.png\" alt=\"Chantons chez nous en familles - chorale de Voiron\" title=\"Chantons chez nous en familles - chorale de Voiron\" style=\"max-width:100px; padding-left: 3px; padding-right:3px\" ><\/div><\/li><li style=\"height:75px;\" ><div class=\"helper\" style=\"height:75px; width:100px;\" ><img decoding=\"async\" src=\"https:\/\/tousenchoeur.fr\/wp-content\/uploads\/2018\/03\/logo_pelichante.png\" alt=\"Pelichante\" title=\"Pelichante\" style=\"max-width:100px; padding-left: 3px; padding-right:3px\" ><\/div><\/li><li style=\"height:75px;\" ><div class=\"helper\" style=\"height:75px; width:100px;\" ><img decoding=\"async\" src=\"https:\/\/tousenchoeur.fr\/wp-content\/uploads\/2017\/02\/Logo_Polysons.png\" alt=\"Poly-sons\" title=\"Poly-sons\" style=\"max-width:100px; padding-left: 3px; padding-right:3px\" ><\/div><\/li><li style=\"height:75px;\" ><div class=\"helper\" style=\"height:75px; width:100px;\" ><img decoding=\"async\" src=\"https:\/\/tousenchoeur.fr\/wp-content\/uploads\/2024\/06\/logoTireBouchons.jpg\" alt=\"Tire-bouchons\" title=\"Tire-bouchons\" style=\"max-width:100px; padding-left: 3px; padding-right:3px\" ><\/div><\/li><li style=\"height:75px;\" ><div class=\"helper\" style=\"height:75px; width:100px;\" ><img decoding=\"async\" src=\"https:\/\/tousenchoeur.fr\/wp-content\/uploads\/2017\/10\/NouvellesLegendes-Logo.png\" alt=\"Nouvelles L\u00e9gendes\" title=\"Nouvelles L\u00e9gendes\" style=\"max-width:100px; padding-left: 3px; padding-right:3px\" ><\/div><\/li><li style=\"height:75px;\" ><div class=\"helper\" style=\"height:75px; width:100px;\" ><img decoding=\"async\" src=\"https:\/\/tousenchoeur.fr\/wp-content\/uploads\/2016\/11\/lempsichoeur.png\" alt=\"Lempsichoeur\" title=\"Lempsichoeur\" style=\"max-width:100px; padding-left: 3px; padding-right:3px\" ><\/div><\/li><li style=\"height:75px;\" ><div class=\"helper\" style=\"height:75px; width:100px;\" ><img decoding=\"async\" src=\"https:\/\/tousenchoeur.fr\/wp-content\/uploads\/2017\/02\/Entresol_Logo.png\" alt=\"Entresol\" title=\"Entresol\" style=\"max-width:100px; padding-left: 3px; padding-right:3px\" ><\/div><\/li><li style=\"height:75px;\" ><div class=\"helper\" style=\"height:75px; width:100px;\" ><img decoding=\"async\" src=\"https:\/\/tousenchoeur.fr\/wp-content\/uploads\/2017\/02\/Logo_LaCrocheChoeur.png\" alt=\"La croche choeur\" title=\"La croche choeur\" style=\"max-width:100px; padding-left: 3px; padding-right:3px\" ><\/div><\/li><li style=\"height:75px;\" ><div class=\"helper\" style=\"height:75px; width:100px;\" ><img decoding=\"async\" src=\"https:\/\/tousenchoeur.fr\/wp-content\/uploads\/2017\/02\/Logo_CodaVerpilli\u00e8re.png\" alt=\"La coda\" title=\"La coda\" style=\"max-width:100px; padding-left: 3px; padding-right:3px\" ><\/div><\/li><\/ul>\n<p>&nbsp;<\/p>\n<p>&nbsp;<\/p>\n<p style=\"text-align: center;\"><span style=\"font-size: 10pt;\"><strong><span style=\"color: #993366;\">Nos remerciements \u00e0 la commune de Saint-\u00c9tienne-de-Saint-Geoirs pour son accueil<\/span><\/strong><\/span><\/p>\n<p style=\"text-align: center;\"><span style=\"font-size: 10pt;\"><strong><span style=\"color: #993366;\">et aux communes de Saint-Pierre-de-Bressieux et <\/span><\/strong><\/span><span style=\"font-size: 10pt;\"><strong><span style=\"color: #993366;\">Viriville qui nous ont accueillis en leur temps.<br \/>\n<\/span><\/strong><\/span><\/p>\n<p>&nbsp;<\/p>\n<h6 style=\"text-align: center;\">&nbsp;<\/h6>\n","protected":false},"excerpt":{"rendered":"<p>&nbsp; \u00a0\u00bb order_by=\u00a0\u00bbsortorder\u00a0\u00bb order_direction=\u00a0\u00bbASC\u00a0\u00bb returns=\u00a0\u00bbincluded\u00a0\u00bb maximum_entity_count=\u00a0\u00bb500&Prime;] Bienvenue sur le site de la Chorale Tous En Ch\u0153ur vous pouvez aussi nous&hellip;<\/p>\n","protected":false},"author":1,"featured_media":0,"parent":0,"menu_order":1,"comment_status":"closed","ping_status":"open","template":"","meta":{"ngg_post_thumbnail":0,"footnotes":""},"class_list":["post-2","page","type-page","status-publish","hentry"],"_links":{"self":[{"href":"https:\/\/tousenchoeur.fr\/index.php\/wp-json\/wp\/v2\/pages\/2","targetHints":{"allow":["GET"]}}],"collection":[{"href":"https:\/\/tousenchoeur.fr\/index.php\/wp-json\/wp\/v2\/pages"}],"about":[{"href":"https:\/\/tousenchoeur.fr\/index.php\/wp-json\/wp\/v2\/types\/page"}],"author":[{"embeddable":true,"href":"https:\/\/tousenchoeur.fr\/index.php\/wp-json\/wp\/v2\/users\/1"}],"replies":[{"embeddable":true,"href":"https:\/\/tousenchoeur.fr\/index.php\/wp-json\/wp\/v2\/comments?post=2"}],"version-history":[{"count":32,"href":"https:\/\/tousenchoeur.fr\/index.php\/wp-json\/wp\/v2\/pages\/2\/revisions"}],"predecessor-version":[{"id":5033,"href":"https:\/\/tousenchoeur.fr\/index.php\/wp-json\/wp\/v2\/pages\/2\/revisions\/5033"}],"wp:attachment":[{"href":"https:\/\/tousenchoeur.fr\/index.php\/wp-json\/wp\/v2\/media?parent=2"}],"curies":[{"name":"wp","href":"https:\/\/api.w.org\/{rel}","templated":true}]}}